{"id":8,"date":"2020-12-04T20:30:14","date_gmt":"2020-12-04T20:30:14","guid":{"rendered":"http:\/\/storymode.es\/?page_id=8"},"modified":"2023-03-14T18:16:21","modified_gmt":"2023-03-14T17:16:21","slug":"inicio","status":"publish","type":"page","link":"http:\/\/storymode.es\/","title":{"rendered":"Inicio"},"content":{"rendered":"<p>[vc_row css=\u00bb.vc_custom_1607113510077{background-color: #2a2e35 !important;}\u00bb][vc_column][vc_row_inner][vc_column_inner width=\u00bb1\/5&#8243;][\/vc_column_inner][vc_column_inner width=\u00bb1\/5&#8243;][\/vc_column_inner][vc_column_inner width=\u00bb1\/5&#8243;][vc_single_image image=\u00bb12&#8243; img_size=\u00bbmedium\u00bb alignment=\u00bbcenter\u00bb][\/vc_column_inner][vc_column_inner width=\u00bb1\/5&#8243;][\/vc_column_inner][vc_column_inner width=\u00bb1\/5&#8243;][\/vc_column_inner][\/vc_row_inner][vc_row_inner][vc_column_inner width=\u00bb1\/4&#8243;][\/vc_column_inner][vc_column_inner width=\u00bb1\/2&#8243;][vc_column_text]<\/p>\n<h1 style=\"text-align: center;\"><span style=\"color: #ffffff;\"><strong>Storymode<\/strong>: El primer Escape Room digital.<\/span><\/h1>\n<p>[\/vc_column_text][\/vc_column_inner][vc_column_inner width=\u00bb1\/4&#8243;][\/vc_column_inner][\/vc_row_inner][vc_row_inner][vc_column_inner width=\u00bb1\/6&#8243;][\/vc_column_inner][vc_column_inner width=\u00bb4\/6&#8243;][vc_column_text]<\/p>\n<h2 style=\"text-align: center;\"><span style=\"color: #ffffff;\">Juega la aventura que m\u00e1s te gusta.<\/span><\/h2>\n<h2 style=\"text-align: center;\"><span style=\"color: #ffffff;\">Experimenta nuestros diferentes retos.<\/span><\/h2>\n<h2 style=\"text-align: center;\"><span style=\"color: #ffffff;\">Disfruta desde donde quieras.<\/span><\/h2>\n<p>[\/vc_column_text][\/vc_column_inner][vc_column_inner width=\u00bb1\/6&#8243;][\/vc_column_inner][\/vc_row_inner][vc_row_inner][vc_column_inner width=\u00bb1\/5&#8243;][\/vc_column_inner][vc_column_inner width=\u00bb1\/5&#8243;][\/vc_column_inner][\/vc_row_inner][vc_single_image image=\u00bb13&#8243; img_size=\u00bb628 x 417&#8243; alignment=\u00bbcenter\u00bb][\/vc_column][\/vc_row][vc_row css=\u00bb.vc_custom_1607115969129{background-color: #ffde02 !important;}\u00bb][vc_column][vc_row_inner][vc_column_inner width=\u00bb1\/6&#8243;][\/vc_column_inner][vc_column_inner width=\u00bb2\/6&#8243;][vc_column_text]<\/p>\n<h3 class=\"color-1 weight-title-h font-title section__title left noMargin\"><strong><span style=\"color: #2a2e35;\">\u00bfQuieres una historia de suspense?<\/span><\/strong><\/h3>\n<p>[\/vc_column_text][vc_column_text]<\/p>\n<p class=\"weight-text section__subtitle left noMargin\"><span style=\"color: #000000;\"><strong>Regala una aventura al m\u00e1s puro estilo Expediente X. No s\u00f3lo tendr\u00e1s que entender qu\u00e9 es lo evidente si no lo que no pensabas que pod\u00eda pasar.<\/strong><\/span><\/p>\n<p>[\/vc_column_text][vc_column_text]<span style=\"color: #000000;\"><strong><img loading=\"lazy\" class=\"alignnone size-full wp-image-42\" src=\"http:\/\/storymode.es\/wp-content\/uploads\/2020\/12\/cheque.png\" alt=\"\" width=\"24\" height=\"24\" \/>\u00a0Suspense <img loading=\"lazy\" class=\"alignnone size-full wp-image-42\" src=\"http:\/\/storymode.es\/wp-content\/uploads\/2020\/12\/cheque.png\" alt=\"\" width=\"24\" height=\"24\" \/>\u00a0Principiantes\u00a0<img loading=\"lazy\" class=\"alignnone size-full wp-image-42\" src=\"http:\/\/storymode.es\/wp-content\/uploads\/2020\/12\/cheque.png\" alt=\"\" width=\"24\" height=\"24\" \/>\u00a0Solitario<\/strong><\/span>[\/vc_column_text][\/vc_column_inner][vc_column_inner width=\u00bb2\/6&#8243;][vc_single_image image=\u00bb14&#8243; img_size=\u00bb459 x 320&#8243; alignment=\u00bbcenter\u00bb][\/vc_column_inner][vc_column_inner width=\u00bb1\/6&#8243;][\/vc_column_inner][\/vc_row_inner][\/vc_column][\/vc_row][vc_row][vc_column][vc_row_inner][vc_column_inner width=\u00bb1\/6&#8243;][\/vc_column_inner][vc_column_inner width=\u00bb2\/6&#8243;][vc_single_image image=\u00bb15&#8243; img_size=\u00bb539 x 452&#8243; alignment=\u00bbcenter\u00bb][\/vc_column_inner][vc_column_inner width=\u00bb2\/6&#8243;][vc_column_text]<\/p>\n<h3 class=\"color-1 weight-title-h font-title section__title left noMargin\"><strong>O \u00bfquiz\u00e1 una historia de Ladrones?<\/strong><\/h3>\n<p>[\/vc_column_text][vc_column_text]<\/p>\n<p class=\"weight-text section__subtitle left noMargin\"><span style=\"color: #000000;\"><strong>Si te gust\u00f3 Oceans Eleven y el mito del ladr\u00f3n de guante blanco, no te pierdas esta aventura donde tendr\u00e1s que detener al mejor ladr\u00f3n de todos los tiempos.<\/strong><\/span><\/p>\n<p>[\/vc_column_text][vc_column_text]<span style=\"color: #000000;\"><strong><img loading=\"lazy\" class=\"alignnone size-full wp-image-42\" src=\"http:\/\/storymode.es\/wp-content\/uploads\/2020\/12\/cheque.png\" alt=\"\" width=\"24\" height=\"24\" \/> Estrategia y planificaci\u00f3n <img loading=\"lazy\" class=\"alignnone size-full wp-image-42\" src=\"http:\/\/storymode.es\/wp-content\/uploads\/2020\/12\/cheque.png\" alt=\"\" width=\"24\" height=\"24\" \/>\u00a0Veterano <img loading=\"lazy\" class=\"alignnone size-full wp-image-42\" src=\"http:\/\/storymode.es\/wp-content\/uploads\/2020\/12\/cheque.png\" alt=\"\" width=\"24\" height=\"24\" \/> Solitario o en grupo<\/strong><\/span>[\/vc_column_text][\/vc_column_inner][vc_column_inner width=\u00bb1\/6&#8243;][\/vc_column_inner][\/vc_row_inner][\/vc_column][\/vc_row][vc_row css=\u00bb.vc_custom_1607115969129{background-color: #ffde02 !important;}\u00bb][vc_column][vc_row_inner][vc_column_inner width=\u00bb1\/6&#8243;][\/vc_column_inner][vc_column_inner width=\u00bb2\/6&#8243;][vc_column_text]<\/p>\n<h3 class=\"color-1 weight-title-h font-title section__title left noMargin\"><strong>\u00bfEres el pr\u00f3ximo Sherlock Holmes?<\/strong><\/h3>\n<p>[\/vc_column_text][vc_column_text]<\/p>\n<p class=\"weight-text section__subtitle left noMargin\"><span style=\"color: #000000;\"><strong>Demu\u00e9stranos que eres capaz de superar los retos que la malvada organizaci\u00f3n The First door ha colocado para ti.<\/strong><\/span><\/p>\n<p>[\/vc_column_text][vc_column_text]<span style=\"color: #000000;\"><strong><img loading=\"lazy\" class=\"alignnone size-full wp-image-42\" src=\"http:\/\/storymode.es\/wp-content\/uploads\/2020\/12\/cheque.png\" alt=\"\" width=\"24\" height=\"24\" \/> Detectives <img loading=\"lazy\" class=\"alignnone size-full wp-image-42\" src=\"http:\/\/storymode.es\/wp-content\/uploads\/2020\/12\/cheque.png\" alt=\"\" width=\"24\" height=\"24\" \/>\u00a0Experto <img loading=\"lazy\" class=\"alignnone size-full wp-image-42\" src=\"http:\/\/storymode.es\/wp-content\/uploads\/2020\/12\/cheque.png\" alt=\"\" width=\"24\" height=\"24\" \/> En grupo<\/strong><\/span>[\/vc_column_text][\/vc_column_inner][vc_column_inner width=\u00bb2\/6&#8243;][vc_single_image image=\u00bb16&#8243; img_size=\u00bb182 x 317&#8243; alignment=\u00bbcenter\u00bb][\/vc_column_inner][vc_column_inner width=\u00bb1\/6&#8243;][\/vc_column_inner][\/vc_row_inner][\/vc_column][\/vc_row][vc_row][vc_column width=\u00bb1\/4&#8243;][\/vc_column][vc_column width=\u00bb2\/4&#8243;][vc_column_text]<\/p>\n<h3 class=\"color-1 weight-title-h font-title section__title center\" style=\"text-align: center;\"><strong>\u00a1Cu\u00e9ntanos tu historia!<\/strong><\/h3>\n<p>[\/vc_column_text][vc_column_text]<\/p>\n<p class=\"weight-text section__subtitle left noMargin\" style=\"text-align: center;\"><strong>Si quieres una historia a medida, no dudes en ponerte en contacto con nosotros!<\/strong><\/p>\n<p>[\/vc_column_text][\/vc_column][vc_column width=\u00bb1\/4&#8243;][\/vc_column][\/vc_row][vc_row][vc_column width=\u00bb1\/3&#8243;][\/vc_column][vc_column width=\u00bb1\/3&#8243;]<div class=\"wpforms-container wpforms-container-full\" id=\"wpforms-72\"><form id=\"wpforms-form-72\" class=\"wpforms-validate wpforms-form\" data-formid=\"72\" method=\"post\" enctype=\"multipart\/form-data\" action=\"\/index.php\/wp-json\/wp\/v2\/pages\/8\" data-token=\"589eacd30d3fba0077044fd3fcbcae51\"><noscript class=\"wpforms-error-noscript\">Por favor, activa JavaScript en tu navegador para completar este formulario.<\/noscript><div class=\"wpforms-field-container\"><div id=\"wpforms-72-field_3-container\" class=\"wpforms-field wpforms-field-name\" data-field-id=\"3\"><label class=\"wpforms-field-label\" for=\"wpforms-72-field_3\">Nombre <span class=\"wpforms-required-label\">*<\/span><\/label><input type=\"text\" id=\"wpforms-72-field_3\" class=\"wpforms-field-medium wpforms-field-required\" name=\"wpforms[fields][3]\" required><\/div><div id=\"wpforms-72-field_4-container\" class=\"wpforms-field wpforms-field-email\" data-field-id=\"4\"><label class=\"wpforms-field-label\" for=\"wpforms-72-field_4\">Correo electr\u00f3nico <span class=\"wpforms-required-label\">*<\/span><\/label><input type=\"email\" id=\"wpforms-72-field_4\" class=\"wpforms-field-small wpforms-field-required\" name=\"wpforms[fields][4]\" required><\/div><div id=\"wpforms-72-field_5-container\" class=\"wpforms-field wpforms-field-text\" data-field-id=\"5\"><label class=\"wpforms-field-label\" for=\"wpforms-72-field_5\">Tel\u00e9fono<\/label><input type=\"text\" id=\"wpforms-72-field_5\" class=\"wpforms-field-small wpforms-limit-characters-enabled\" data-form-id=\"72\" data-field-id=\"5\" data-text-limit=\"9\" name=\"wpforms[fields][5]\" maxlength=\"9\" ><\/div><div id=\"wpforms-72-field_2-container\" class=\"wpforms-field wpforms-field-textarea\" data-field-id=\"2\"><label class=\"wpforms-field-label\" for=\"wpforms-72-field_2\">Mensaje <span class=\"wpforms-required-label\">*<\/span><\/label><textarea id=\"wpforms-72-field_2\" class=\"wpforms-field-medium wpforms-field-required\" name=\"wpforms[fields][2]\" required><\/textarea><\/div><\/div><div class=\"wpforms-submit-container\" ><input type=\"hidden\" name=\"wpforms[id]\" value=\"72\"><input type=\"hidden\" name=\"wpforms[author]\" value=\"1\"><button type=\"submit\" name=\"wpforms[submit]\" class=\"wpforms-submit \" id=\"wpforms-submit-72\" value=\"wpforms-submit\" aria-live=\"assertive\" data-alt-text=\"Enviando...\" data-submit-text=\"Enviar\">Enviar<\/button><\/div><\/form><\/div>  <!-- .wpforms-container -->[\/vc_column][vc_column width=\u00bb1\/3&#8243;][\/vc_column][\/vc_row]<\/p>\n","protected":false},"excerpt":{"rendered":"<p>[vc_row css=\u00bb.vc_custom_1607113510077{background-color: #2a2e35 !important;}\u00bb][vc_column][vc_row_inner][vc_column_inner width=\u00bb1\/5&#8243;][\/vc_column_inner][vc_column_inner width=\u00bb1\/5&#8243;][\/vc_column_inner][vc_column_inner width=\u00bb1\/5&#8243;][vc_single_image image=\u00bb12&#8243; img_size=\u00bbmedium\u00bb alignment=\u00bbcenter\u00bb][\/vc_column_inner][vc_column_inner width=\u00bb1\/5&#8243;][\/vc_column_inner][vc_column_inner width=\u00bb1\/5&#8243;][\/vc_column_inner][\/vc_row_inner][vc_row_inner][vc_column_inner width=\u00bb1\/4&#8243;][\/vc_column_inner][vc_column_inner width=\u00bb1\/2&#8243;][vc_column_text] Storymode: El primer Escape Room digital. [\/vc_column_text][\/vc_column_inner][vc_column_inner width=\u00bb1\/4&#8243;][\/vc_column_inner][\/vc_row_inner][vc_row_inner][vc_column_inner width=\u00bb1\/6&#8243;][\/vc_column_inner][vc_column_inner width=\u00bb4\/6&#8243;][vc_column_text] Juega la aventura que m\u00e1s te<\/p>\n","protected":false},"author":1,"featured_media":12,"parent":0,"menu_order":0,"comment_status":"closed","ping_status":"closed","template":"page-custom.php","meta":[],"_links":{"self":[{"href":"http:\/\/storymode.es\/index.php\/wp-json\/wp\/v2\/pages\/8"}],"collection":[{"href":"http:\/\/storymode.es\/index.php\/wp-json\/wp\/v2\/pages"}],"about":[{"href":"http:\/\/storymode.es\/index.php\/wp-json\/wp\/v2\/types\/page"}],"author":[{"embeddable":true,"href":"http:\/\/storymode.es\/index.php\/wp-json\/wp\/v2\/users\/1"}],"replies":[{"embeddable":true,"href":"http:\/\/storymode.es\/index.php\/wp-json\/wp\/v2\/comments?post=8"}],"version-history":[{"count":55,"href":"http:\/\/storymode.es\/index.php\/wp-json\/wp\/v2\/pages\/8\/revisions"}],"predecessor-version":[{"id":104,"href":"http:\/\/storymode.es\/index.php\/wp-json\/wp\/v2\/pages\/8\/revisions\/104"}],"wp:featuredmedia":[{"embeddable":true,"href":"http:\/\/storymode.es\/index.php\/wp-json\/wp\/v2\/media\/12"}],"wp:attachment":[{"href":"http:\/\/storymode.es\/index.php\/wp-json\/wp\/v2\/media?parent=8"}],"curies":[{"name":"wp","href":"https:\/\/api.w.org\/{rel}","templated":true}]}}